{"id":2467,"date":"2025-11-27T13:11:15","date_gmt":"2026-01-05T10:10:26","guid":{"rendered":"https:\/\/web-louis.de\/?page_id=2467"},"modified":"2026-01-08T16:23:54","modified_gmt":"2026-01-08T15:23:54","slug":"suche","status":"publish","type":"page","link":"https:\/\/web-louis.de\/en\/ueber-uns\/suche\/","title":{"rendered":"Search"},"content":{"rendered":"<div data-elementor-type=\"wp-page\" data-elementor-id=\"2467\" class=\"elementor elementor-2467\" data-elementor-post-type=\"page\">\n\t\t\t\t<div class=\"elementor-element elementor-element-aaf516c e-flex e-con-boxed e-con e-parent\" data-id=\"aaf516c\" data-element_type=\"container\" data-e-type=\"container\">\n\t\t\t\t\t<div class=\"e-con-inner\">\n\t\t\t\t<div class=\"elementor-element elementor-element-f1074a4 elementor-view-framed elementor-position-inline-start animated-slow elementor-mobile-position-inline-start elementor-shape-circle elementor-invisible elementor-widget elementor-widget-icon-box\" data-id=\"f1074a4\" data-element_type=\"widget\" data-e-type=\"widget\" data-settings=\"{&quot;_animation&quot;:&quot;fadeInDown&quot;,&quot;_animation_delay&quot;:200}\" data-widget_type=\"icon-box.default\">\n\t\t\t\t\t\t\t<div class=\"elementor-icon-box-wrapper\">\n\n\t\t\t\t\t\t<div class=\"elementor-icon-box-icon\">\n\t\t\t\t<span  class=\"elementor-icon\">\n\t\t\t\t<svg aria-hidden=\"true\" class=\"e-font-icon-svg e-fas-location-arrow\" viewbox=\"0 0 512 512\" xmlns=\"http:\/\/www.w3.org\/2000\/svg\"><path d=\"M444.52 3.52L28.74 195.42c-47.97 22.39-31.98 92.75 19.19 92.75h175.91v175.91c0 51.17 70.36 67.17 92.75 19.19l191.9-415.78c15.99-38.39-25.59-79.97-63.97-63.97z\"><\/path><\/svg>\t\t\t\t<\/span>\n\t\t\t<\/div>\n\t\t\t\n\t\t\t\t\t\t<div class=\"elementor-icon-box-content\">\n\n\t\t\t\t\t\t\t\t\t<span class=\"elementor-icon-box-title\">\n\t\t\t\t\t\t<span  >\n\t\t\t\t\t\t\tFind content quickly and efficiently\t\t\t\t\t\t<\/span>\n\t\t\t\t\t<\/span>\n\t\t\t\t\n\t\t\t\t\n\t\t\t<\/div>\n\t\t\t\n\t\t<\/div>\n\t\t\t\t\t\t<\/div>\n\t\t\t\t<div class=\"elementor-element elementor-element-472c7ba elementor-invisible elementor-widget elementor-widget-heading\" data-id=\"472c7ba\" data-element_type=\"widget\" data-e-type=\"widget\" data-settings=\"{&quot;_animation&quot;:&quot;fadeInDown&quot;}\" data-widget_type=\"heading.default\">\n\t\t\t\t\t<h2 class=\"elementor-heading-title elementor-size-default translation-block\">All content at a glance <span class=\"titel-color-1\">Search.<\/span><\/h2>\t\t\t\t<\/div>\n\t\t\t\t<div class=\"elementor-element elementor-element-099134b elementor-invisible elementor-widget elementor-widget-text-editor\" data-id=\"099134b\" data-element_type=\"widget\" data-e-type=\"widget\" data-settings=\"{&quot;_animation&quot;:&quot;fadeInUp&quot;}\" data-widget_type=\"text-editor.default\">\n\t\t\t\t\t\t\t\t\t<p class=\"translation-block\">Use the <strong>central search<\/strong> function to quickly find relevant content and services on our website. Enter a search term and go directly to blog posts, references, services, or other information that is important to you. This saves you time and helps you <strong>find exactly what<\/strong> you are looking for.<\/p>\t\t\t\t\t\t\t\t<\/div>\n\t\t\t\t<div class=\"elementor-element elementor-element-a91a4eb elementor-invisible elementor-widget elementor-widget-search\" data-id=\"a91a4eb\" data-element_type=\"widget\" data-e-type=\"widget\" data-settings=\"{&quot;_animation&quot;:&quot;fadeInUp&quot;,&quot;submit_trigger&quot;:&quot;click_submit&quot;,&quot;pagination_type_options&quot;:&quot;none&quot;}\" data-widget_type=\"search.default\">\n\t\t\t\t\t\t\t<search class=\"e-search hidden\" role=\"search\">\n\t\t\t<form class=\"e-search-form\" action=\"https:\/\/web-louis.de\/en\/\" method=\"get\" data-trp-original-action=\"https:\/\/web-louis.de\/en\">\n\n\t\t\t\t\n\t\t\t\t<label class=\"e-search-label\" for=\"search-a91a4eb\">\n\t\t\t\t\t<span class=\"elementor-screen-only\">\n\t\t\t\t\t\tSearch\t\t\t\t\t<\/span>\n\t\t\t\t\t<svg aria-hidden=\"true\" class=\"e-font-icon-svg e-fas-search\" viewbox=\"0 0 512 512\" xmlns=\"http:\/\/www.w3.org\/2000\/svg\"><path d=\"M505 442.7L405.3 343c-4.5-4.5-10.6-7-17-7H372c27.6-35.3 44-79.7 44-128C416 93.1 322.9 0 208 0S0 93.1 0 208s93.1 208 208 208c48.3 0 92.7-16.4 128-44v16.3c0 6.4 2.5 12.5 7 17l99.7 99.7c9.4 9.4 24.6 9.4 33.9 0l28.3-28.3c9.4-9.4 9.4-24.6.1-34zM208 336c-70.7 0-128-57.2-128-128 0-70.7 57.2-128 128-128 70.7 0 128 57.2 128 128 0 70.7-57.2 128-128 128z\"><\/path><\/svg>\t\t\t\t<\/label>\n\n\t\t\t\t<div class=\"e-search-input-wrapper\">\n\t\t\t\t\t<input id=\"search-a91a4eb\" placeholder=\"Tap to start searching...\" class=\"e-search-input\" type=\"search\" name=\"s\" value=\"\" autocomplete=\"on\" role=\"combobox\" aria-autocomplete=\"list\" aria-expanded=\"false\" aria-controls=\"results-a91a4eb\" aria-haspopup=\"listbox\">\n\t\t\t\t\t<svg aria-hidden=\"true\" class=\"e-font-icon-svg e-fas-times\" viewbox=\"0 0 352 512\" xmlns=\"http:\/\/www.w3.org\/2000\/svg\"><path d=\"M242.72 256l100.07-100.07c12.28-12.28 12.28-32.19 0-44.48l-22.24-22.24c-12.28-12.28-32.19-12.28-44.48 0L176 189.28 75.93 89.21c-12.28-12.28-32.19-12.28-44.48 0L9.21 111.45c-12.28 12.28-12.28 32.19 0 44.48L109.28 256 9.21 356.07c-12.28 12.28-12.28 32.19 0 44.48l22.24 22.24c12.28 12.28 32.2 12.28 44.48 0L176 322.72l100.07 100.07c12.28 12.28 32.2 12.28 44.48 0l22.24-22.24c12.28-12.28 12.28-32.19 0-44.48L242.72 256z\"><\/path><\/svg>\t\t\t\t\t\t\t\t\t\t<output id=\"results-a91a4eb\" class=\"e-search-results-container hide-loader\" aria-live=\"polite\" aria-atomic=\"true\" aria-label=\"Results for search\" tabindex=\"0\">\n\t\t\t\t\t\t<div class=\"e-search-results\"><\/div>\n\t\t\t\t\t\t\t\t\t\t\t<\/output>\n\t\t\t\t\t\t\t\t\t<\/div>\n\t\t\t\t\n\t\t\t\t\n\t\t\t\t<button class=\"e-search-submit\" type=\"submit\">\n\t\t\t\t\t\n\t\t\t\t\t\t\t\t\t\t<span class=\"\">\n\t\t\t\t\t\tSearch\t\t\t\t\t<\/span>\n\t\t\t\t\t\t\t\t\t<\/button>\n\t\t\t\t<input type=\"hidden\" name=\"e_search_props\" value=\"a91a4eb-2467\">\n\t\t\t<input type=\"hidden\" name=\"trp-form-language\" value=\"en\"\/><\/form>\n\t\t<\/search>\n\t\t\t\t\t\t<\/div>\n\t\t\t\t\t<\/div>\n\t\t\t\t<\/div>\n\t\t<div class=\"elementor-element elementor-element-30143ca e-flex e-con-boxed e-con e-parent\" data-id=\"30143ca\" data-element_type=\"container\" data-e-type=\"container\">\n\t\t\t\t\t<div class=\"e-con-inner\">\n\t\t<div class=\"elementor-element elementor-element-0c94442 e-con-full e-flex e-con e-child\" data-id=\"0c94442\" data-element_type=\"container\" data-e-type=\"container\">\n\t\t\t\t<div class=\"elementor-element elementor-element-ad85212 elementor-widget__width-initial elementor-invisible elementor-widget elementor-widget-heading\" data-id=\"ad85212\" data-element_type=\"widget\" data-e-type=\"widget\" data-settings=\"{&quot;_animation&quot;:&quot;fadeInDown&quot;}\" data-widget_type=\"heading.default\">\n\t\t\t\t\t<h2 class=\"elementor-heading-title elementor-size-default translation-block\">Ready for the <span class=\"titel-color-1\">next step?<\/span><\/h2>\t\t\t\t<\/div>\n\t\t\t\t<div class=\"elementor-element elementor-element-356d072 elementor-invisible elementor-widget elementor-widget-text-editor\" data-id=\"356d072\" data-element_type=\"widget\" data-e-type=\"widget\" data-settings=\"{&quot;_animation&quot;:&quot;fadeInUp&quot;}\" data-widget_type=\"text-editor.default\">\n\t\t\t\t\t\t\t\t\t<p>We are available to answer any questions you may have and, as a well-coordinated team, will provide you with reliable support for your project. If you are ready to take the next step, we look forward to hearing from you.<\/p>\t\t\t\t\t\t\t\t<\/div>\n\t\t<div class=\"elementor-element elementor-element-104ea31 e-con-full e-flex e-con e-child\" data-id=\"104ea31\" data-element_type=\"container\" data-e-type=\"container\">\n\t\t\t\t<div class=\"elementor-element elementor-element-3a88b23 elementor-invisible elementor-widget elementor-widget-button\" data-id=\"3a88b23\" data-element_type=\"widget\" data-e-type=\"widget\" data-settings=\"{&quot;_animation_delay&quot;:180,&quot;_animation&quot;:&quot;fadeInUp&quot;}\" data-widget_type=\"button.default\">\n\t\t\t\t\t\t\t\t\t\t<a class=\"elementor-button elementor-button-link elementor-size-sm\" href=\"https:\/\/web-louis.de\/en\/kontakt\/\">\n\t\t\t\t\t\t<span class=\"elementor-button-content-wrapper\">\n\t\t\t\t\t\t<span class=\"elementor-button-icon\">\n\t\t\t\t<svg aria-hidden=\"true\" class=\"e-font-icon-svg e-fas-bell\" viewbox=\"0 0 448 512\" xmlns=\"http:\/\/www.w3.org\/2000\/svg\"><path d=\"M224 512c35.32 0 63.97-28.65 63.97-64H160.03c0 35.35 28.65 64 63.97 64zm215.39-149.71c-19.32-20.76-55.47-51.99-55.47-154.29 0-77.7-54.48-139.9-127.94-155.16V32c0-17.67-14.32-32-31.98-32s-31.98 14.33-31.98 32v20.84C118.56 68.1 64.08 130.3 64.08 208c0 102.3-36.15 133.53-55.47 154.29-6 6.45-8.66 14.16-8.61 21.71.11 16.4 12.98 32 32.1 32h383.8c19.12 0 32-15.6 32.1-32 .05-7.55-2.61-15.27-8.61-21.71z\"><\/path><\/svg>\t\t\t<\/span>\n\t\t\t\t\t\t\t\t\t<span class=\"elementor-button-text\">Contact us<\/span>\n\t\t\t\t\t<\/span>\n\t\t\t\t\t<\/a>\n\t\t\t\t\t\t\t\t<\/div>\n\t\t\t\t<div class=\"elementor-element elementor-element-a7614f1 elementor-invisible elementor-widget elementor-widget-button\" data-id=\"a7614f1\" data-element_type=\"widget\" data-e-type=\"widget\" data-settings=\"{&quot;_animation_delay&quot;:180,&quot;_animation&quot;:&quot;fadeInUp&quot;}\" data-widget_type=\"button.default\">\n\t\t\t\t\t\t\t\t\t\t<a class=\"elementor-button elementor-button-link elementor-size-sm\" href=\"https:\/\/web-louis.de\/en\/leistungen\/konfigurator\/\" target=\"_blank\">\n\t\t\t\t\t\t<span class=\"elementor-button-content-wrapper\">\n\t\t\t\t\t\t<span class=\"elementor-button-icon\">\n\t\t\t\t<svg aria-hidden=\"true\" class=\"e-font-icon-svg e-fas-pencil-ruler\" viewbox=\"0 0 512 512\" xmlns=\"http:\/\/www.w3.org\/2000\/svg\"><path d=\"M109.46 244.04l134.58-134.56-44.12-44.12-61.68 61.68a7.919 7.919 0 0 1-11.21 0l-11.21-11.21c-3.1-3.1-3.1-8.12 0-11.21l61.68-61.68-33.64-33.65C131.47-3.1 111.39-3.1 99 9.29L9.29 99c-12.38 12.39-12.39 32.47 0 44.86l100.17 100.18zm388.47-116.8c18.76-18.76 18.75-49.17 0-67.93l-45.25-45.25c-18.76-18.76-49.18-18.76-67.95 0l-46.02 46.01 113.2 113.2 46.02-46.03zM316.08 82.71l-297 296.96L.32 487.11c-2.53 14.49 10.09 27.11 24.59 24.56l107.45-18.84L429.28 195.9 316.08 82.71zm186.63 285.43l-33.64-33.64-61.68 61.68c-3.1 3.1-8.12 3.1-11.21 0l-11.21-11.21c-3.09-3.1-3.09-8.12 0-11.21l61.68-61.68-44.14-44.14L267.93 402.5l100.21 100.2c12.39 12.39 32.47 12.39 44.86 0l89.71-89.7c12.39-12.39 12.39-32.47 0-44.86z\"><\/path><\/svg>\t\t\t<\/span>\n\t\t\t\t\t\t\t\t\t<span class=\"elementor-button-text\">Configurator<\/span>\n\t\t\t\t\t<\/span>\n\t\t\t\t\t<\/a>\n\t\t\t\t\t\t\t\t<\/div>\n\t\t\t\t<\/div>\n\t\t\t\t<\/div>\n\t\t<div class=\"elementor-element elementor-element-5618eb9 e-con-full elementor-hidden-tablet e-flex elementor-invisible e-con e-child\" data-id=\"5618eb9\" data-element_type=\"container\" data-e-type=\"container\" data-settings=\"{&quot;background_background&quot;:&quot;classic&quot;,&quot;animation&quot;:&quot;fadeInRight&quot;}\">\n\t\t\t\t<div class=\"elementor-element elementor-element-79635b1 elementor-widget elementor-widget-image\" data-id=\"79635b1\" data-element_type=\"widget\" data-e-type=\"widget\" data-widget_type=\"image.default\">\n\t\t\t\t\t\t\t\t\t\t\t\t\t\t\t<img fetchpriority=\"high\" decoding=\"async\" width=\"650\" height=\"1024\" src=\"https:\/\/web-louis.de\/wp-content\/uploads\/2025\/11\/ChatGPT-Image-21.-Nov.-2025-22_30_13-e1765031616126-650x1024.png\" class=\"attachment-large size-large wp-image-826\" alt=\"3D-Avatar mit Bart, der telefoniert\" srcset=\"https:\/\/web-louis.de\/wp-content\/uploads\/2025\/11\/ChatGPT-Image-21.-Nov.-2025-22_30_13-e1765031616126-650x1024.png 650w, https:\/\/web-louis.de\/wp-content\/uploads\/2025\/11\/ChatGPT-Image-21.-Nov.-2025-22_30_13-e1765031616126-190x300.png 190w, https:\/\/web-louis.de\/wp-content\/uploads\/2025\/11\/ChatGPT-Image-21.-Nov.-2025-22_30_13-e1765031616126-768x1210.png 768w, https:\/\/web-louis.de\/wp-content\/uploads\/2025\/11\/ChatGPT-Image-21.-Nov.-2025-22_30_13-e1765031616126-8x12.png 8w, https:\/\/web-louis.de\/wp-content\/uploads\/2025\/11\/ChatGPT-Image-21.-Nov.-2025-22_30_13-e1765031616126-600x945.png 600w, https:\/\/web-louis.de\/wp-content\/uploads\/2025\/11\/ChatGPT-Image-21.-Nov.-2025-22_30_13-e1765031616126.png 975w\" sizes=\"(max-width: 650px) 100vw, 650px\" \/>\t\t\t\t\t\t\t\t\t\t\t\t\t\t\t<\/div>\n\t\t\t\t<\/div>\n\t\t\t\t\t<\/div>\n\t\t\t\t<\/div>\n\t\t\t\t<\/div>","protected":false},"excerpt":{"rendered":"<p>Finden Sie Inhalte schnell und gezielt Alle Inhalte auf einen Blick durchsuchen. Nutzen Sie die zentrale Suche, um relevante Inhalte und Leistungen auf unserer Webseite schnell zu finden. Geben Sie einen Suchbegriff ein und gelangen Sie direkt zu Blogbeitr\u00e4gen, Referenzen, Leistungen oder weiteren Informationen, die f\u00fcr Sie wichtig sind. So sparen Sie Zeit und finden [&hellip;]<\/p>\n","protected":false},"author":1,"featured_media":148,"parent":34,"menu_order":4,"comment_status":"closed","ping_status":"closed","template":"","meta":{"_acf_changed":false,"footnotes":""},"class_list":["post-2467","page","type-page","status-publish","has-post-thumbnail","hentry"],"acf":[],"yoast_head":"<!-- This site is optimized with the Yoast SEO plugin v27.3 - https:\/\/yoast.com\/product\/yoast-seo-wordpress\/ -->\n<title>Suche und Leistungen schnell finden | WEB-LOUIS<\/title>\n<meta name=\"description\" content=\"Nutzen Sie die Suche von WEB-LOUIS, um Inhalte, Leistungen, Referenzen und Informationen schnell und gezielt zu finden.\" \/>\n<meta name=\"robots\" content=\"index, follow, max-snippet:-1, max-image-preview:large, max-video-preview:-1\" \/>\n<link rel=\"canonical\" href=\"https:\/\/web-louis.de\/en\/ueber-uns\/suche\/\" \/>\n<meta property=\"og:locale\" content=\"en_US\" \/>\n<meta property=\"og:type\" content=\"article\" \/>\n<meta property=\"og:title\" content=\"Suche und Leistungen schnell finden | WEB-LOUIS\" \/>\n<meta property=\"og:description\" content=\"Nutzen Sie die Suche von WEB-LOUIS, um Inhalte, Leistungen, Referenzen und Informationen schnell und gezielt zu finden.\" \/>\n<meta property=\"og:url\" content=\"https:\/\/web-louis.de\/en\/ueber-uns\/suche\/\" \/>\n<meta property=\"og:site_name\" content=\"WEB-LOUIS\" \/>\n<meta property=\"article:modified_time\" content=\"2026-01-08T15:23:54+00:00\" \/>\n<meta property=\"og:image\" content=\"https:\/\/web-louis.de\/wp-content\/uploads\/2025\/10\/PB-WL.png\" \/>\n\t<meta property=\"og:image:width\" content=\"1000\" \/>\n\t<meta property=\"og:image:height\" content=\"1000\" \/>\n\t<meta property=\"og:image:type\" content=\"image\/png\" \/>\n<meta name=\"twitter:card\" content=\"summary_large_image\" \/>\n<meta name=\"twitter:label1\" content=\"Est. reading time\" \/>\n\t<meta name=\"twitter:data1\" content=\"1 minute\" \/>\n<script type=\"application\/ld+json\" class=\"yoast-schema-graph\">{\"@context\":\"https:\\\/\\\/schema.org\",\"@graph\":[{\"@type\":\"WebPage\",\"@id\":\"https:\\\/\\\/web-louis.de\\\/ueber-uns\\\/suche\\\/\",\"url\":\"https:\\\/\\\/web-louis.de\\\/ueber-uns\\\/suche\\\/\",\"name\":\"Suche und Leistungen schnell finden | WEB-LOUIS\",\"isPartOf\":{\"@id\":\"https:\\\/\\\/web-louis.de\\\/#website\"},\"primaryImageOfPage\":{\"@id\":\"https:\\\/\\\/web-louis.de\\\/ueber-uns\\\/suche\\\/#primaryimage\"},\"image\":{\"@id\":\"https:\\\/\\\/web-louis.de\\\/ueber-uns\\\/suche\\\/#primaryimage\"},\"thumbnailUrl\":\"https:\\\/\\\/web-louis.de\\\/wp-content\\\/uploads\\\/2025\\\/10\\\/PB-WL.png\",\"datePublished\":\"2026-01-05T10:10:26+00:00\",\"dateModified\":\"2026-01-08T15:23:54+00:00\",\"description\":\"Nutzen Sie die Suche von WEB-LOUIS, um Inhalte, Leistungen, Referenzen und Informationen schnell und gezielt zu finden.\",\"breadcrumb\":{\"@id\":\"https:\\\/\\\/web-louis.de\\\/ueber-uns\\\/suche\\\/#breadcrumb\"},\"inLanguage\":\"en-US\",\"potentialAction\":[{\"@type\":\"ReadAction\",\"target\":[\"https:\\\/\\\/web-louis.de\\\/ueber-uns\\\/suche\\\/\"]}]},{\"@type\":\"ImageObject\",\"inLanguage\":\"en-US\",\"@id\":\"https:\\\/\\\/web-louis.de\\\/ueber-uns\\\/suche\\\/#primaryimage\",\"url\":\"https:\\\/\\\/web-louis.de\\\/wp-content\\\/uploads\\\/2025\\\/10\\\/PB-WL.png\",\"contentUrl\":\"https:\\\/\\\/web-louis.de\\\/wp-content\\\/uploads\\\/2025\\\/10\\\/PB-WL.png\",\"width\":1000,\"height\":1000,\"caption\":\"Ein wei\u00dfes, kantiges Emblem steht vor einem flie\u00dfenden t\u00fcrkis-blauen Wellendesign.\"},{\"@type\":\"BreadcrumbList\",\"@id\":\"https:\\\/\\\/web-louis.de\\\/ueber-uns\\\/suche\\\/#breadcrumb\",\"itemListElement\":[{\"@type\":\"ListItem\",\"position\":1,\"name\":\"Startseite\",\"item\":\"https:\\\/\\\/web-louis.de\\\/\"},{\"@type\":\"ListItem\",\"position\":2,\"name\":\"\u00dcber uns\",\"item\":\"https:\\\/\\\/web-louis.de\\\/ueber-uns\\\/\"},{\"@type\":\"ListItem\",\"position\":3,\"name\":\"Suche\"}]},{\"@type\":\"WebSite\",\"@id\":\"https:\\\/\\\/web-louis.de\\\/#website\",\"url\":\"https:\\\/\\\/web-louis.de\\\/\",\"name\":\"WEB-LOUIS\",\"description\":\"\",\"publisher\":{\"@id\":\"https:\\\/\\\/web-louis.de\\\/#organization\"},\"potentialAction\":[{\"@type\":\"SearchAction\",\"target\":{\"@type\":\"EntryPoint\",\"urlTemplate\":\"https:\\\/\\\/web-louis.de\\\/?s={search_term_string}\"},\"query-input\":{\"@type\":\"PropertyValueSpecification\",\"valueRequired\":true,\"valueName\":\"search_term_string\"}}],\"inLanguage\":\"en-US\"},{\"@type\":\"Organization\",\"@id\":\"https:\\\/\\\/web-louis.de\\\/#organization\",\"name\":\"WEB-LOUIS\",\"url\":\"https:\\\/\\\/web-louis.de\\\/\",\"logo\":{\"@type\":\"ImageObject\",\"inLanguage\":\"en-US\",\"@id\":\"https:\\\/\\\/web-louis.de\\\/#\\\/schema\\\/logo\\\/image\\\/\",\"url\":\"https:\\\/\\\/web-louis.de\\\/wp-content\\\/uploads\\\/2025\\\/10\\\/WebLouis_Logo_farbe.png\",\"contentUrl\":\"https:\\\/\\\/web-louis.de\\\/wp-content\\\/uploads\\\/2025\\\/10\\\/WebLouis_Logo_farbe.png\",\"width\":1000,\"height\":682,\"caption\":\"WEB-LOUIS\"},\"image\":{\"@id\":\"https:\\\/\\\/web-louis.de\\\/#\\\/schema\\\/logo\\\/image\\\/\"}}]}<\/script>\n<!-- \/ Yoast SEO plugin. -->","yoast_head_json":{"title":"Suche und Leistungen schnell finden | WEB-LOUIS","description":"Nutzen Sie die Suche von WEB-LOUIS, um Inhalte, Leistungen, Referenzen und Informationen schnell und gezielt zu finden.","robots":{"index":"index","follow":"follow","max-snippet":"max-snippet:-1","max-image-preview":"max-image-preview:large","max-video-preview":"max-video-preview:-1"},"canonical":"https:\/\/web-louis.de\/en\/ueber-uns\/suche\/","og_locale":"en_US","og_type":"article","og_title":"Suche und Leistungen schnell finden | WEB-LOUIS","og_description":"Nutzen Sie die Suche von WEB-LOUIS, um Inhalte, Leistungen, Referenzen und Informationen schnell und gezielt zu finden.","og_url":"https:\/\/web-louis.de\/en\/ueber-uns\/suche\/","og_site_name":"WEB-LOUIS","article_modified_time":"2026-01-08T15:23:54+00:00","og_image":[{"width":1000,"height":1000,"url":"https:\/\/web-louis.de\/wp-content\/uploads\/2025\/10\/PB-WL.png","type":"image\/png"}],"twitter_card":"summary_large_image","twitter_misc":{"Est. reading time":"1 minute"},"schema":{"@context":"https:\/\/schema.org","@graph":[{"@type":"WebPage","@id":"https:\/\/web-louis.de\/ueber-uns\/suche\/","url":"https:\/\/web-louis.de\/ueber-uns\/suche\/","name":"Suche und Leistungen schnell finden | WEB-LOUIS","isPartOf":{"@id":"https:\/\/web-louis.de\/#website"},"primaryImageOfPage":{"@id":"https:\/\/web-louis.de\/ueber-uns\/suche\/#primaryimage"},"image":{"@id":"https:\/\/web-louis.de\/ueber-uns\/suche\/#primaryimage"},"thumbnailUrl":"https:\/\/web-louis.de\/wp-content\/uploads\/2025\/10\/PB-WL.png","datePublished":"2026-01-05T10:10:26+00:00","dateModified":"2026-01-08T15:23:54+00:00","description":"Nutzen Sie die Suche von WEB-LOUIS, um Inhalte, Leistungen, Referenzen und Informationen schnell und gezielt zu finden.","breadcrumb":{"@id":"https:\/\/web-louis.de\/ueber-uns\/suche\/#breadcrumb"},"inLanguage":"en-US","potentialAction":[{"@type":"ReadAction","target":["https:\/\/web-louis.de\/ueber-uns\/suche\/"]}]},{"@type":"ImageObject","inLanguage":"en-US","@id":"https:\/\/web-louis.de\/ueber-uns\/suche\/#primaryimage","url":"https:\/\/web-louis.de\/wp-content\/uploads\/2025\/10\/PB-WL.png","contentUrl":"https:\/\/web-louis.de\/wp-content\/uploads\/2025\/10\/PB-WL.png","width":1000,"height":1000,"caption":"Ein wei\u00dfes, kantiges Emblem steht vor einem flie\u00dfenden t\u00fcrkis-blauen Wellendesign."},{"@type":"BreadcrumbList","@id":"https:\/\/web-louis.de\/ueber-uns\/suche\/#breadcrumb","itemListElement":[{"@type":"ListItem","position":1,"name":"Startseite","item":"https:\/\/web-louis.de\/"},{"@type":"ListItem","position":2,"name":"\u00dcber uns","item":"https:\/\/web-louis.de\/ueber-uns\/"},{"@type":"ListItem","position":3,"name":"Suche"}]},{"@type":"WebSite","@id":"https:\/\/web-louis.de\/#website","url":"https:\/\/web-louis.de\/","name":"WEB-LOUIS","description":"","publisher":{"@id":"https:\/\/web-louis.de\/#organization"},"potentialAction":[{"@type":"SearchAction","target":{"@type":"EntryPoint","urlTemplate":"https:\/\/web-louis.de\/?s={search_term_string}"},"query-input":{"@type":"PropertyValueSpecification","valueRequired":true,"valueName":"search_term_string"}}],"inLanguage":"en-US"},{"@type":"Organization","@id":"https:\/\/web-louis.de\/#organization","name":"WEB-LOUIS","url":"https:\/\/web-louis.de\/","logo":{"@type":"ImageObject","inLanguage":"en-US","@id":"https:\/\/web-louis.de\/#\/schema\/logo\/image\/","url":"https:\/\/web-louis.de\/wp-content\/uploads\/2025\/10\/WebLouis_Logo_farbe.png","contentUrl":"https:\/\/web-louis.de\/wp-content\/uploads\/2025\/10\/WebLouis_Logo_farbe.png","width":1000,"height":682,"caption":"WEB-LOUIS"},"image":{"@id":"https:\/\/web-louis.de\/#\/schema\/logo\/image\/"}}]}},"_links":{"self":[{"href":"https:\/\/web-louis.de\/en\/wp-json\/wp\/v2\/pages\/2467","targetHints":{"allow":["GET"]}}],"collection":[{"href":"https:\/\/web-louis.de\/en\/wp-json\/wp\/v2\/pages"}],"about":[{"href":"https:\/\/web-louis.de\/en\/wp-json\/wp\/v2\/types\/page"}],"author":[{"embeddable":true,"href":"https:\/\/web-louis.de\/en\/wp-json\/wp\/v2\/users\/1"}],"replies":[{"embeddable":true,"href":"https:\/\/web-louis.de\/en\/wp-json\/wp\/v2\/comments?post=2467"}],"version-history":[{"count":0,"href":"https:\/\/web-louis.de\/en\/wp-json\/wp\/v2\/pages\/2467\/revisions"}],"up":[{"embeddable":true,"href":"https:\/\/web-louis.de\/en\/wp-json\/wp\/v2\/pages\/34"}],"wp:featuredmedia":[{"embeddable":true,"href":"https:\/\/web-louis.de\/en\/wp-json\/wp\/v2\/media\/148"}],"wp:attachment":[{"href":"https:\/\/web-louis.de\/en\/wp-json\/wp\/v2\/media?parent=2467"}],"curies":[{"name":"wp","href":"https:\/\/api.w.org\/{rel}","templated":true}]}}